{"id":1690,"date":"2025-11-27T13:04:30","date_gmt":"2025-11-27T12:04:30","guid":{"rendered":"https:\/\/circulojpes.com\/%e5%ae%9a%e6%ac%be\/"},"modified":"2025-12-15T09:09:31","modified_gmt":"2025-12-15T08:09:31","slug":"%e5%ae%9a%e6%ac%be","status":"publish","type":"page","link":"https:\/\/circulojpes.com\/ja\/%e5%ae%9a%e6%ac%be\/","title":{"rendered":"\u5b9a\u6b3e"},"content":{"rendered":"\t\t<div data-elementor-type=\"wp-page\" data-elementor-id=\"1690\" class=\"elementor elementor-1690 elementor-1212\" data-elementor-settings=\"{&quot;ha_cmc_init_switcher&quot;:&quot;no&quot;}\" data-elementor-post-type=\"page\">\n\t\t\t\t<div class=\"elementor-element elementor-element-1a7ae6a e-flex e-con-boxed e-con e-parent\" data-id=\"1a7ae6a\" data-element_type=\"container\" data-settings=\"{&quot;background_background&quot;:&quot;classic&quot;,&quot;_ha_eqh_enable&quot;:false}\">\n\t\t\t\t\t<div class=\"e-con-inner\">\n\t\t\t\t<div class=\"elementor-element elementor-element-2f33f66 elementor-widget elementor-widget-heading\" data-id=\"2f33f66\" data-element_type=\"widget\" data-widget_type=\"heading.default\">\n\t\t\t\t\t<h1 class=\"elementor-heading-title elementor-size-default\">\u5b9a\u6b3e<\/h1>\t\t\t\t<\/div>\n\t\t\t\t\t<\/div>\n\t\t\t\t<\/div>\n\t\t<div class=\"elementor-element elementor-element-1c3c791 e-flex e-con-boxed e-con e-parent\" data-id=\"1c3c791\" data-element_type=\"container\" data-settings=\"{&quot;background_background&quot;:&quot;classic&quot;,&quot;_ha_eqh_enable&quot;:false}\">\n\t\t\t\t\t<div class=\"e-con-inner\">\n\t\t\t\t<div class=\"elementor-element elementor-element-435e36a elementor-widget elementor-widget-spacer\" data-id=\"435e36a\" data-element_type=\"widget\" data-widget_type=\"spacer.default\">\n\t\t\t\t\t\t\t<div class=\"elementor-spacer\">\n\t\t\t<div class=\"elementor-spacer-inner\"><\/div>\n\t\t<\/div>\n\t\t\t\t\t\t<\/div>\n\t\t\t\t<div class=\"elementor-element elementor-element-5250641 elementor-widget elementor-widget-heading\" data-id=\"5250641\" data-element_type=\"widget\" data-widget_type=\"heading.default\">\n\t\t\t\t\t<h2 class=\"elementor-heading-title elementor-size-default\">\u5354\u4f1a\u306e\u5b9a\u6b3e\u306e\u6982\u8981<\/h2>\t\t\t\t<\/div>\n\t\t<div class=\"elementor-element elementor-element-806ec52 e-con-full e-grid e-con e-child\" data-id=\"806ec52\" data-element_type=\"container\" data-settings=\"{&quot;_ha_eqh_enable&quot;:false}\">\n\t\t\t\t<div class=\"elementor-element elementor-element-fac44a5 elementor-widget elementor-widget-text-editor\" data-id=\"fac44a5\" data-element_type=\"widget\" data-widget_type=\"text-editor.default\">\n\t\t\t\t\t\t\t\t\t<p>\u672c\u793e\u3068\u5730\u7406\u7684\u7bc4\u56f2<br>\u672c\u793e: \u30d0\u30eb\u30bb\u30ed\u30ca<\/p><p>\u5730\u7406\u7684\u7bc4\u56f2\u30b9\u30da\u30a4\u30f3\u3002<\/p><p><strong>\u7406\u4e8b\u4f1a\u3068\u305d\u306e\u69cb\u6210\u7269<\/strong><br><strong>\u7406\u4e8b\u4f1a:<\/strong><\/p><p>\u7dcf\u4f1a\u9078\u6319\u3002<\/p><p>\u30e1\u30f3\u30d0\u30fc7~ 15\uff08\u6905\u5b50\u3001\u526f\u6905\u5b50\u3001\u7dcf\u66f8\u8a18\u3001 \u4f1a\u8a08\u4fc2\u3068\u6295\u7968\u30e1\u30f3\u30d0\u30fc\uff09\u4efb\u671f4\u5e74<br>\u30b5\u30fc\u30d3\u30b9\u304c\u672a\u6255\u3044\u3067\u3054\u3056\u307e\u3059\u3002 <\/p><p><strong>\u7dcf\u4f1a:<\/strong><\/p><p>\u3059\u3079\u3066\u306e\u30e1\u30f3\u30d0\u30fc\u3067\u69cb\u6210\u3001\u4f1a\u8cbb\u306e\u6700\u65b0\u306e\u3082\u306e\u3067\u3042\u308b\u3059\u3079\u3066\u306e\u30e1\u30f3\u30d0\u30fc\u306b\u3088\u308b\u6c7a\u8b70\u3002<\/p><ul><li>\u5b9a\u671f\u4f1a\u5408\u5e74\u306b\u4e00\u56de\u3001\u4f1a\u8a08\u5e74\u5ea6\u7d42\u4e86\u5f8c4\u30f6\u6708\u4ee5\u5185\u3002<\/li><li>\u8ffd\u52a0\u4f1a\u8b70\u72b6\u6cc1\u6b21\u7b2c\u3002<\/li><li>\u51fa\u5e2d\u8005\u306e\u904e\u534a\u6570\u306b\u3088\u308a\u5951\u7d04\u3002<\/li><\/ul><p><strong><strong>\u30e1\u30f3\u30d0\u30fc<br>\u5354\u4f1a\u306f\u30e1\u30f3\u30d0\u30fc\u306e4\u7a2e\u985e\u304c\u3042\u308a\u307e\u3059\uff1a<\/strong><\/strong><\/p><p><strong>\u30b3\u30fc\u30dd\u30ec\u30fc\u30c8\u30fb\u30e1\u30f3\u30d0\u30fc\u3002<\/strong>\u65e5\u672c\u306e\u682a\u5f0f\u76f4\u63a5\u7684\u307e\u305f\u306f\u9593\u63a5\u7684\u306b\u6700\u4f4e10\uff05\u306e\u30b9\u30da\u30a4\u30f3\u306b\u8a2d\u7acb\u4f01\u696d\u3084\u7814\u7a76\u6a5f\u95a2\u3001\u65e5\u672c\u3067\u3082\u8208\u5473\u3092\u6301\u3064\u30b9\u30da\u30a4\u30f3\u4f01\u696d\u3084\u7814\u7a76\u6a5f\u95a2\u306a\u3069\u3002\u56fd\u7c4d\u95a2\u4fc2\u306a\u304f\u3001\u305d\u306e\u7d4c\u55b6\u8005\u304c\u3001\u5354\u4f1a\u306b\u8868\u73fe\u3055\u308c\u307e\u3059\u3002\u4f1a\u8cbb\u3092\u652f\u6255\u3044\u3001\u6295\u7968\u3059\u308b\u6a29\u5229\u3092\u6709\u3057\u307e\u3059\u3002  <\/p><p><strong>\u540d\u8a89\u4f1a\u54e1\u3002<\/strong>\u65e5\u672c\u306e\u682a\u5f0f\u76f4\u63a5\u7684\u307e\u305f\u306f\u9593\u63a5\u7684\u306b\u6700\u4f4e10\uff05\u306e\u30b9\u30da\u30a4\u30f3\u306b\u8a2d\u7acb\u4f01\u696d\u3084\u7814\u7a76\u6a5f\u95a2\u3001\u65e5\u672c\u3067\u3082\u8208\u5473\u3092\u6301\u3064\u30b9\u30da\u30a4\u30f3\u4f01\u696d\u3084\u7814\u7a76\u6a5f\u95a2\u306a\u3069\u306e\u7d4c\u55b6\u8005\u306b\u306a\u308b\u62c5\u3063\u3066\u3044\u308b\u4eba\u3002\u307e\u305f\u3001\u30b9\u30da\u30a4\u30f3\u3068\u65e5\u672c\u306e\u95a2\u4fc2\u306b\u7279\u5225\u306a\u732e\u8eab\u3092\u793a\u3057\u3066\u3044\u308b\u4eba\u307e\u305f\u306f\u6cd5\u4eba\u3002\u540d\u8a89\u4f1a\u54e1\u306e\u63a8\u85a6\u306f\u3001\u7406\u4e8b\u4f1a\u304c\u78ba\u4fdd\u3057\u307e\u3059\u3002\u4f1a\u8cbb\u3092\u652f\u6255\u308f\u305a\u3001\u6295\u7968\u3059\u308b\u6a29\u5229\u3092\u6709\u3059\u308b\u3002   <\/p><p><strong>\u500b\u4eba\u30e1\u30f3\u30d0\u30fc\u3002<\/strong>\u56fd\u7c4d\u95a2\u4fc2\u306a\u304f\u3001\u30b9\u30da\u30a4\u30f3\u3068\u65e5\u672c\u306e\u95a2\u4fc2\u306e\u767a\u5c55\u306b\u95a2\u4e0e\u3059\u308b\u307e\u305f\u306f\u8208\u5473\u3092\u6301\u3063\u3066\u3044\u308b\u3082\u306e\u306e\u4eba\u7269\u3002\u4f1a\u8cbb\u3092\u652f\u6255\u3044\u3001\u6295\u7968\u3059\u308b\u6a29\u5229\u3092\u6709\u3057\u307e\u3059\u3002 <\/p><p><strong>\u5f8c\u63f4\u30e1\u30f3\u30d0\u30fc\u3002<\/strong>\u5354\u4f1a\u304b\u3089\u306e\u76f4\u63a5\u7684\u306a\u5229\u76ca\u3092\u53d6\u5f97\u3057\u306a\u304f\u65e5\u672c\u3067\u306f\u4efb\u610f\u306e\u76f4\u63a5\u306e\u5229\u5bb3\u95a2\u4fc2\u3092\u6301\u3064\u3053\u3068\u306a\u304f\u3001\u63a8\u9032\u3068\u767a\u5c55\u306b\u5f7c\u3089\u306e\u8ca1\u653f\u7684\u8ca2\u732e\u3068\u3001\u8ca2\u732e\u8005\u306e\u4eba\u307e\u305f\u306f\u6cd5\u4eba\u3002\u30e1\u30f3\u30d0\u30fc\u306e\u8981\u6c42\u306b\u3088\u3063\u3066\u5f8c\u63f4\u30e1\u30f3\u30d0\u30fc\u306e\u63a8\u85a6\u306f\u3001\u7406\u4e8b\u4f1a\u304c\u78ba\u4fdd\u3057\u307e\u3059\u3002\u4f1a\u8cbb\u3092\u652f\u6255\u3044\u3001\u6295\u7968\u3059\u308b\u6a29\u5229\u3092\u6709\u3057\u307e\u3059\u3002  <\/p>\t\t\t\t\t\t\t\t<\/div>\n\t\t\t\t<div class=\"elementor-element elementor-element-5a84293 elementor-widget elementor-widget-text-editor\" data-id=\"5a84293\" data-element_type=\"widget\" data-widget_type=\"text-editor.default\">\n\t\t\t\t\t\t\t\t\t<p><strong>Socios de Honor:<\/strong> Son aquellas personas f\u00edsicas o jur\u00eddicas que, por m\u00e9ritos relevantes, hayan destacado en las relaciones institucionales, sociales, empresariales o culturales entre Espa\u00f1a y Jap\u00f3n. El nombramientos de los Socios de Honor, corresponder\u00e1 a la Junta directiva. Los Socios de Honor podr\u00e1n asistir a la Asamblea General con voz pro sin voto, no deber\u00e1n pagar cuotas y no podr\u00e1n participar en la Junta Directiva de la Asociaci\u00f3n.  <\/p><p><strong>\u7d4c\u6e08\u7684\u8cc7\u6e90\u3068\u8cc7\u7523<\/strong><\/p><ul><li>\u4f1a\u8cbb\/\u88dc\u52a9\u91d1\/\u4ed6\u306e\u30ea\u30bd\u30fc\u30b9\u306f\u3001\/\u5f8c\u63f4\u30e1\u30f3\u30d0\u30fc\u304c\u305d\u306e\u5546\u54c1\/\u62e0\u51fa\u304b\u3089\u751f\u3058\u307e\u3059\u3002<\/li><li>\u4f1a\u8a08\u5e74\u5ea6\uff08\u5404\u5e74\u306e12\u670831\u65e5\u306b\u7d42\u4e86\uff09\u3002<\/li><li>\u5e74\u4f1a\u8cbb\u306f\u3001\u5354\u4f1a\u306e\u30cb\u30fc\u30ba\u306b\u5fdc\u3058\u3066\u78ba\u7acb\u3055\u308c\u307e\u3059\u3002<\/li><\/ul><p> <\/p><p><strong>\u4f1a\u8cbb<\/strong><br>2020\u5e741\u6708\u4ee5\u964d\u3001\u9069\u7528\u3055\u308c\u308b\u4f1a\u8cbb\u306f\u6b21\u306e\u3068\u304a\u308a\u3067\u3059\u3002<\/p><table style=\"width: 100%; border-collapse: collapse; text-align: left;\"><thead><tr><th style=\"border: 1px solid #ccc; padding: 8px;\"><\/th><th style=\"border: 1px solid #ccc; padding: 8px;\">\u53ce\u5165\u306b\u57fa\u3065\u304f<\/th> <br><th style=\"border: 1px solid #ccc; padding: 8px;\">\u4f1a\u8cbb<\/th><\/tr><\/thead><tbody><tr><td style=\"border: 1px solid #ccc; padding: 8px;\" rowspan=\"4\">\u30b3\u30fc\u30dd\u30ec\u30fc\u30c8\u30fb\u30e1\u30f3\u30d0\u30fc\u3001<\/td><br>\u4f01\u696d\u3001\u304a\u3088\u3073\u6a5f\u95a2<br><td style=\"border: 1px solid #ccc; padding: 8px;\">5 Millones \u20ac<\/td><td style=\"border: 1px solid #ccc; padding: 8px;\">600 \u20ac<\/td><\/tr><tr><td style=\"border: 1px solid #ccc; padding: 8px;\">5 Millones \u20ac hasta 50 M \u20ac<\/td><td style=\"border: 1px solid #ccc; padding: 8px;\">900 \u20ac<\/td><\/tr><tr><td style=\"border: 1px solid #ccc; padding: 8px;\">50 Millones \u20ac hasta 200 M\u20ac<\/td><td style=\"border: 1px solid #ccc; padding: 8px;\">1.200 \u20ac<\/td><\/tr><tr><td style=\"border: 1px solid #ccc; padding: 8px;\">200 Millones \u20ac<\/td><td style=\"border: 1px solid #ccc; padding: 8px;\">1.800 \u20ac<\/td><\/tr><tr><td style=\"border: 1px solid #ccc; padding: 8px;\"> <\/td><td style=\"border: 1px solid #ccc; padding: 8px;\">\u500b\u4eba\u30e1\u30f3\u30d0\u30fc<\/td><td style=\"border: 1px solid #ccc; padding: 8px;\">250 \u20ac<\/td><\/tr><tr><td style=\"border: 1px solid #ccc; padding: 8px;\"><\/td><td style=\"border: 1px solid #ccc; padding: 8px;\"> ] \u5f8c\u63f4\u30e1\u30f3\u30d0\u30fc<\/td> <td style=\"border: 1px solid #ccc; padding: 8px;\">3.000 \u20ac<\/td><\/tr><tr><td style=\"border: 1px solid #ccc; padding: 8px;\">Socios de m\u00e9rito<\/td><td style=\"border: 1px solid #ccc; padding: 8px;\"> <\/td><td style=\"border: 1px solid #ccc; padding: 8px;\">120 \u20ac<\/td><\/tr><\/tbody><\/table><p><strong>\u884c\u653f\u6a5f\u69cb<\/strong><\/p><ul><li>\u5354\u4f1a\u306e\u672c\u793e\u306e\u55b6\u696d\u30b5\u30a4\u30c8\u3067\u62c5\u5f53\u8005\u304c \u60c5\u5831\u958b\u793a\u3084\u5e83\u5831\u3057\u305f\u308a\u3001\u7ba1\u7406\u304a\u3088\u3073\u4f1a\u8a08\u4f5c\u696d\u3092\u884c\u3046\u3002<\/li><li>\u59d4\u54e1\u4f1a\u304a\u3088\u3073\u5f93\u5c5e\u6a5f\u95a2<\/li><li>Nombramiento de las personas responsables por parte de la Junta Directiva.<\/li><\/ul><p> <\/p><p><strong>\u59d4\u54e1\u4f1a\u304a\u3088\u3073\u5f93\u5c5e\u6a5f\u95a2<\/strong><br>\u7406\u4e8b\u4f1a\u304c\u59d4\u54e1\u4f1a\u306e\u8a2d\u7acb\u3002<\/p>\t\t\t\t\t\t\t\t<\/div>\n\t\t\t\t<\/div>\n\t\t\t\t\t<\/div>\n\t\t\t\t<\/div>\n\t\t\t\t<\/div>\n\t\t","protected":false},"excerpt":{"rendered":"<p>\u5b9a\u6b3e \u5354\u4f1a\u306e\u5b9a\u6b3e\u306e\u6982\u8981 \u672c\u793e\u3068\u5730\u7406\u7684\u7bc4\u56f2\u672c\u793e: \u30d0\u30eb\u30bb\u30ed\u30ca \u5730\u7406\u7684\u7bc4\u56f2\u30b9\u30da\u30a4\u30f3\u3002 \u7406\u4e8b\u4f1a\u3068\u305d\u306e\u69cb\u6210\u7269\u7406\u4e8b\u4f1a: \u7dcf\u4f1a\u9078\u6319\u3002 \u30e1\u30f3\u30d0\u30fc7~ 15\uff08\u6905\u5b50\u3001\u526f\u6905\u5b50\u3001\u7dcf\u66f8\u8a18\u3001 \u4f1a\u8a08\u4fc2\u3068\u6295\u7968\u30e1\u30f3\u30d0\u30fc\uff09\u4efb\u671f4\u5e74\u30b5\u30fc\u30d3\u30b9\u304c\u672a\u6255\u3044\u3067\u3054\u3056\u307e [&hellip;]<\/p>\n","protected":false},"author":1,"featured_media":0,"parent":0,"menu_order":0,"comment_status":"closed","ping_status":"closed","template":"elementor_header_footer","meta":{"footnotes":""},"class_list":["post-1690","page","type-page","status-publish","hentry"],"yoast_head":"<!-- This site is optimized with the Yoast SEO plugin v27.2 - https:\/\/yoast.com\/product\/yoast-seo-wordpress\/ -->\n<title>\u5b9a\u6b3e - CEJE<\/title>\n<meta name=\"robots\" content=\"index, follow, max-snippet:-1, max-image-preview:large, max-video-preview:-1\" \/>\n<link rel=\"canonical\" href=\"https:\/\/circulojpes.com\/ja\/\u5b9a\u6b3e\/\" \/>\n<meta property=\"og:locale\" content=\"ja_JP\" \/>\n<meta property=\"og:type\" content=\"article\" \/>\n<meta property=\"og:title\" content=\"\u5b9a\u6b3e - CEJE\" \/>\n<meta property=\"og:description\" content=\"\u5b9a\u6b3e \u5354\u4f1a\u306e\u5b9a\u6b3e\u306e\u6982\u8981 \u672c\u793e\u3068\u5730\u7406\u7684\u7bc4\u56f2\u672c\u793e: \u30d0\u30eb\u30bb\u30ed\u30ca \u5730\u7406\u7684\u7bc4\u56f2\u30b9\u30da\u30a4\u30f3\u3002 \u7406\u4e8b\u4f1a\u3068\u305d\u306e\u69cb\u6210\u7269\u7406\u4e8b\u4f1a: \u7dcf\u4f1a\u9078\u6319\u3002 \u30e1\u30f3\u30d0\u30fc7~ 15\uff08\u6905\u5b50\u3001\u526f\u6905\u5b50\u3001\u7dcf\u66f8\u8a18\u3001 \u4f1a\u8a08\u4fc2\u3068\u6295\u7968\u30e1\u30f3\u30d0\u30fc\uff09\u4efb\u671f4\u5e74\u30b5\u30fc\u30d3\u30b9\u304c\u672a\u6255\u3044\u3067\u3054\u3056\u307e [&hellip;]\" \/>\n<meta property=\"og:url\" content=\"https:\/\/circulojpes.com\/ja\/\u5b9a\u6b3e\/\" \/>\n<meta property=\"og:site_name\" content=\"CEJE\" \/>\n<meta property=\"article:modified_time\" content=\"2025-12-15T08:09:31+00:00\" \/>\n<meta name=\"twitter:card\" content=\"summary_large_image\" \/>\n<meta name=\"twitter:label1\" content=\"\u63a8\u5b9a\u8aad\u307f\u53d6\u308a\u6642\u9593\" \/>\n\t<meta name=\"twitter:data1\" content=\"1\u5206\" \/>\n<script type=\"application\/ld+json\" class=\"yoast-schema-graph\">{\"@context\":\"https:\/\/schema.org\",\"@graph\":[{\"@type\":\"WebPage\",\"@id\":\"https:\/\/circulojpes.com\/ja\/%e5%ae%9a%e6%ac%be\/\",\"url\":\"https:\/\/circulojpes.com\/ja\/%e5%ae%9a%e6%ac%be\/\",\"name\":\"\u5b9a\u6b3e - CEJE\",\"isPartOf\":{\"@id\":\"https:\/\/circulojpes.com\/#website\"},\"datePublished\":\"2025-11-27T12:04:30+00:00\",\"dateModified\":\"2025-12-15T08:09:31+00:00\",\"breadcrumb\":{\"@id\":\"https:\/\/circulojpes.com\/ja\/%e5%ae%9a%e6%ac%be\/#breadcrumb\"},\"inLanguage\":\"ja\",\"potentialAction\":[{\"@type\":\"ReadAction\",\"target\":[\"https:\/\/circulojpes.com\/ja\/%e5%ae%9a%e6%ac%be\/\"]}]},{\"@type\":\"BreadcrumbList\",\"@id\":\"https:\/\/circulojpes.com\/ja\/%e5%ae%9a%e6%ac%be\/#breadcrumb\",\"itemListElement\":[{\"@type\":\"ListItem\",\"position\":1,\"name\":\"Portada\",\"item\":\"https:\/\/circulojpes.com\/\"},{\"@type\":\"ListItem\",\"position\":2,\"name\":\"\u5b9a\u6b3e\"}]},{\"@type\":\"WebSite\",\"@id\":\"https:\/\/circulojpes.com\/#website\",\"url\":\"https:\/\/circulojpes.com\/\",\"name\":\"CEJE\",\"description\":\"Circulo Empresarial Jap\u00f3n Espa\u00f1a\",\"publisher\":{\"@id\":\"https:\/\/circulojpes.com\/#organization\"},\"potentialAction\":[{\"@type\":\"SearchAction\",\"target\":{\"@type\":\"EntryPoint\",\"urlTemplate\":\"https:\/\/circulojpes.com\/?s={search_term_string}\"},\"query-input\":{\"@type\":\"PropertyValueSpecification\",\"valueRequired\":true,\"valueName\":\"search_term_string\"}}],\"inLanguage\":\"ja\"},{\"@type\":\"Organization\",\"@id\":\"https:\/\/circulojpes.com\/#organization\",\"name\":\"Circulo Empresarial Jap\u00f3n Espa\u00f1a\",\"url\":\"https:\/\/circulojpes.com\/\",\"logo\":{\"@type\":\"ImageObject\",\"inLanguage\":\"ja\",\"@id\":\"https:\/\/circulojpes.com\/#\/schema\/logo\/image\/\",\"url\":\"https:\/\/circulojpes.com\/wp-content\/uploads\/2025\/10\/cropped-logo-ceje.png\",\"contentUrl\":\"https:\/\/circulojpes.com\/wp-content\/uploads\/2025\/10\/cropped-logo-ceje.png\",\"width\":830,\"height\":364,\"caption\":\"Circulo Empresarial Jap\u00f3n Espa\u00f1a\"},\"image\":{\"@id\":\"https:\/\/circulojpes.com\/#\/schema\/logo\/image\/\"}}]}<\/script>\n<!-- \/ Yoast SEO plugin. -->","yoast_head_json":{"title":"\u5b9a\u6b3e - CEJE","robots":{"index":"index","follow":"follow","max-snippet":"max-snippet:-1","max-image-preview":"max-image-preview:large","max-video-preview":"max-video-preview:-1"},"canonical":"https:\/\/circulojpes.com\/ja\/\u5b9a\u6b3e\/","og_locale":"ja_JP","og_type":"article","og_title":"\u5b9a\u6b3e - CEJE","og_description":"\u5b9a\u6b3e \u5354\u4f1a\u306e\u5b9a\u6b3e\u306e\u6982\u8981 \u672c\u793e\u3068\u5730\u7406\u7684\u7bc4\u56f2\u672c\u793e: \u30d0\u30eb\u30bb\u30ed\u30ca \u5730\u7406\u7684\u7bc4\u56f2\u30b9\u30da\u30a4\u30f3\u3002 \u7406\u4e8b\u4f1a\u3068\u305d\u306e\u69cb\u6210\u7269\u7406\u4e8b\u4f1a: \u7dcf\u4f1a\u9078\u6319\u3002 \u30e1\u30f3\u30d0\u30fc7~ 15\uff08\u6905\u5b50\u3001\u526f\u6905\u5b50\u3001\u7dcf\u66f8\u8a18\u3001 \u4f1a\u8a08\u4fc2\u3068\u6295\u7968\u30e1\u30f3\u30d0\u30fc\uff09\u4efb\u671f4\u5e74\u30b5\u30fc\u30d3\u30b9\u304c\u672a\u6255\u3044\u3067\u3054\u3056\u307e [&hellip;]","og_url":"https:\/\/circulojpes.com\/ja\/\u5b9a\u6b3e\/","og_site_name":"CEJE","article_modified_time":"2025-12-15T08:09:31+00:00","twitter_card":"summary_large_image","twitter_misc":{"\u63a8\u5b9a\u8aad\u307f\u53d6\u308a\u6642\u9593":"1\u5206"},"schema":{"@context":"https:\/\/schema.org","@graph":[{"@type":"WebPage","@id":"https:\/\/circulojpes.com\/ja\/%e5%ae%9a%e6%ac%be\/","url":"https:\/\/circulojpes.com\/ja\/%e5%ae%9a%e6%ac%be\/","name":"\u5b9a\u6b3e - CEJE","isPartOf":{"@id":"https:\/\/circulojpes.com\/#website"},"datePublished":"2025-11-27T12:04:30+00:00","dateModified":"2025-12-15T08:09:31+00:00","breadcrumb":{"@id":"https:\/\/circulojpes.com\/ja\/%e5%ae%9a%e6%ac%be\/#breadcrumb"},"inLanguage":"ja","potentialAction":[{"@type":"ReadAction","target":["https:\/\/circulojpes.com\/ja\/%e5%ae%9a%e6%ac%be\/"]}]},{"@type":"BreadcrumbList","@id":"https:\/\/circulojpes.com\/ja\/%e5%ae%9a%e6%ac%be\/#breadcrumb","itemListElement":[{"@type":"ListItem","position":1,"name":"Portada","item":"https:\/\/circulojpes.com\/"},{"@type":"ListItem","position":2,"name":"\u5b9a\u6b3e"}]},{"@type":"WebSite","@id":"https:\/\/circulojpes.com\/#website","url":"https:\/\/circulojpes.com\/","name":"CEJE","description":"Circulo Empresarial Jap\u00f3n Espa\u00f1a","publisher":{"@id":"https:\/\/circulojpes.com\/#organization"},"potentialAction":[{"@type":"SearchAction","target":{"@type":"EntryPoint","urlTemplate":"https:\/\/circulojpes.com\/?s={search_term_string}"},"query-input":{"@type":"PropertyValueSpecification","valueRequired":true,"valueName":"search_term_string"}}],"inLanguage":"ja"},{"@type":"Organization","@id":"https:\/\/circulojpes.com\/#organization","name":"Circulo Empresarial Jap\u00f3n Espa\u00f1a","url":"https:\/\/circulojpes.com\/","logo":{"@type":"ImageObject","inLanguage":"ja","@id":"https:\/\/circulojpes.com\/#\/schema\/logo\/image\/","url":"https:\/\/circulojpes.com\/wp-content\/uploads\/2025\/10\/cropped-logo-ceje.png","contentUrl":"https:\/\/circulojpes.com\/wp-content\/uploads\/2025\/10\/cropped-logo-ceje.png","width":830,"height":364,"caption":"Circulo Empresarial Jap\u00f3n Espa\u00f1a"},"image":{"@id":"https:\/\/circulojpes.com\/#\/schema\/logo\/image\/"}}]}},"_links":{"self":[{"href":"https:\/\/circulojpes.com\/ja\/wp-json\/wp\/v2\/pages\/1690","targetHints":{"allow":["GET"]}}],"collection":[{"href":"https:\/\/circulojpes.com\/ja\/wp-json\/wp\/v2\/pages"}],"about":[{"href":"https:\/\/circulojpes.com\/ja\/wp-json\/wp\/v2\/types\/page"}],"author":[{"embeddable":true,"href":"https:\/\/circulojpes.com\/ja\/wp-json\/wp\/v2\/users\/1"}],"replies":[{"embeddable":true,"href":"https:\/\/circulojpes.com\/ja\/wp-json\/wp\/v2\/comments?post=1690"}],"version-history":[{"count":1,"href":"https:\/\/circulojpes.com\/ja\/wp-json\/wp\/v2\/pages\/1690\/revisions"}],"predecessor-version":[{"id":1691,"href":"https:\/\/circulojpes.com\/ja\/wp-json\/wp\/v2\/pages\/1690\/revisions\/1691"}],"wp:attachment":[{"href":"https:\/\/circulojpes.com\/ja\/wp-json\/wp\/v2\/media?parent=1690"}],"curies":[{"name":"wp","href":"https:\/\/api.w.org\/{rel}","templated":true}]}}