{"id":32205,"date":"2026-02-18T12:06:09","date_gmt":"2026-02-18T11:06:09","guid":{"rendered":"https:\/\/circulojpes.com\/partners-opinion\/"},"modified":"2026-02-18T12:27:13","modified_gmt":"2026-02-18T11:27:13","slug":"partners-opinion","status":"publish","type":"page","link":"https:\/\/circulojpes.com\/en\/partners-opinion\/","title":{"rendered":"Partners&#8217; opinion"},"content":{"rendered":"\t\t<div data-elementor-type=\"wp-page\" data-elementor-id=\"32205\" class=\"elementor elementor-32205 elementor-32194\" data-elementor-settings=\"{&quot;ha_cmc_init_switcher&quot;:&quot;no&quot;}\" data-elementor-post-type=\"page\">\n\t\t\t\t<div class=\"elementor-element elementor-element-c175561 e-flex e-con-boxed e-con e-parent\" data-id=\"c175561\" data-element_type=\"container\" data-settings=\"{&quot;background_background&quot;:&quot;classic&quot;,&quot;_ha_eqh_enable&quot;:false}\">\n\t\t\t\t\t<div class=\"e-con-inner\">\n\t\t\t\t<div class=\"elementor-element elementor-element-2de2e7e elementor-widget elementor-widget-heading\" data-id=\"2de2e7e\" data-element_type=\"widget\" data-widget_type=\"heading.default\">\n\t\t\t\t\t<h1 class=\"elementor-heading-title elementor-size-default\">Partners' opinion<\/h1>\t\t\t\t<\/div>\n\t\t\t\t\t<\/div>\n\t\t\t\t<\/div>\n\t\t<div class=\"elementor-element elementor-element-1fc14f1 e-flex e-con-boxed e-con e-parent\" data-id=\"1fc14f1\" data-element_type=\"container\" data-settings=\"{&quot;_ha_eqh_enable&quot;:false}\">\n\t\t\t\t\t<div class=\"e-con-inner\">\n\t\t\t\t<div class=\"elementor-element elementor-element-f363dcf elementor-widget elementor-widget-spacer\" data-id=\"f363dcf\" data-element_type=\"widget\" data-widget_type=\"spacer.default\">\n\t\t\t\t\t\t\t<div class=\"elementor-spacer\">\n\t\t\t<div class=\"elementor-spacer-inner\"><\/div>\n\t\t<\/div>\n\t\t\t\t\t\t<\/div>\n\t\t\t\t<div class=\"elementor-element elementor-element-9cd1abe elementor-widget elementor-widget-heading\" data-id=\"9cd1abe\" data-element_type=\"widget\" data-widget_type=\"heading.default\">\n\t\t\t\t\t<h2 class=\"elementor-heading-title elementor-size-default\">From VIL\u00c1 ABOGADOS, they share with us an expert view on the transfer of data between the EU and Japan<\/h2>\t\t\t\t<\/div>\n\t\t\t\t<div class=\"elementor-element elementor-element-2e7806b elementor-widget elementor-widget-spacer\" data-id=\"2e7806b\" data-element_type=\"widget\" data-widget_type=\"spacer.default\">\n\t\t\t\t\t\t\t<div class=\"elementor-spacer\">\n\t\t\t<div class=\"elementor-spacer-inner\"><\/div>\n\t\t<\/div>\n\t\t\t\t\t\t<\/div>\n\t\t\t\t<div class=\"elementor-element elementor-element-94ff638 elementor-widget elementor-widget-text-editor\" data-id=\"94ff638\" data-element_type=\"widget\" data-widget_type=\"text-editor.default\">\n\t\t\t\t\t\t\t\t\t<p>Vil\u00e1 Abogados presents a new article on Japan\u2019s new internal investment policies<\/p><p>The article highlights the Japanese Government\u2019s strategy to promote greater growth in Japanese household savings. The aim is for these savings to be allocated to productive investment, generating an increase in the value of companies and greater consumption and investment to strengthen the economy as a whole. <\/p><p>This article also covers the impacts that it may have for Spanish companies in the Japanese market.<\/p>\t\t\t\t\t\t\t\t<\/div>\n\t\t\t\t\t<\/div>\n\t\t\t\t<\/div>\n\t\t<div class=\"elementor-element elementor-element-7f58aaa e-flex e-con-boxed e-con e-parent\" data-id=\"7f58aaa\" data-element_type=\"container\" data-settings=\"{&quot;_ha_eqh_enable&quot;:false}\">\n\t\t\t\t\t<div class=\"e-con-inner\">\n\t\t\t\t<div class=\"elementor-element elementor-element-4c431fe elementor-widget elementor-widget-ha-pdf-view happy-addon ha-pdf-view\" data-id=\"4c431fe\" data-element_type=\"widget\" data-widget_type=\"ha-pdf-view.default\">\n\t\t\t\t\t        <div class=\"pdf_viewer_container\">\n            <div class=\"pdf_viewer_options viewer-4c431fe\" data-pdf-settings=\"{&quot;unique_id&quot;:&quot;viewer-4c431fe&quot;,&quot;pdf_url&quot;:&quot;https:\\\/\\\/circulojpes.com\\\/wp-content\\\/uploads\\\/2026\\\/02\\\/ES-LAS-NUEVAS-POLITICAS-DE-INVERSION-INTERNA-DE-JAPON.pdf&quot;,&quot;file_type&quot;:&quot;url&quot;,&quot;page_number&quot;:&quot;1&quot;,&quot;width&quot;:&quot;100%&quot;,&quot;height&quot;:&quot;703px&quot;}\">\n\t\t\t\t<span class=\"ha-title-flex\">\n\t\t\t\t\t<span class=\"pdf-icon\">\n\t\t\t\t\t\t\t\t\t\t\t<\/span>\n\t\t\t\t\t<h2 class=\"ha-pdf-title\">Las nuevas pol\u00edticas de inversi\u00f3n interna de Jap\u00f3n<\/h2>\t\t\t\t<\/span>\n\t\t\t\t                <div class=\"pdf-button\">\n                <a href=\"https:\/\/circulojpes.com\/wp-content\/uploads\/2026\/02\/ES-LAS-NUEVAS-POLITICAS-DE-INVERSION-INTERNA-DE-JAPON.pdf\" class=\"ha-btn\" download title=\"Las nuevas pol\u00edticas de inversi\u00f3n interna de Jap\u00f3n\">Download<\/a>                <\/div>\n            <\/div>\n\n\t\t\t<div>\n\t\t\t\t<div id=\"viewer-4c431fe\"><\/div>\n\t\t\t<\/div>\n\n        <\/div>\n        \t\t\t\t<\/div>\n\t\t\t\t\t<\/div>\n\t\t\t\t<\/div>\n\t\t<div class=\"elementor-element elementor-element-a9e3beb e-flex e-con-boxed e-con e-parent\" data-id=\"a9e3beb\" data-element_type=\"container\" data-settings=\"{&quot;_ha_eqh_enable&quot;:false}\">\n\t\t\t\t\t<div class=\"e-con-inner\">\n\t\t\t\t<div class=\"elementor-element elementor-element-35bb84e elementor-widget elementor-widget-spacer\" data-id=\"35bb84e\" data-element_type=\"widget\" data-widget_type=\"spacer.default\">\n\t\t\t\t\t\t\t<div class=\"elementor-spacer\">\n\t\t\t<div class=\"elementor-spacer-inner\"><\/div>\n\t\t<\/div>\n\t\t\t\t\t\t<\/div>\n\t\t\t\t\t<\/div>\n\t\t\t\t<\/div>\n\t\t\t\t<\/div>\n\t\t","protected":false},"excerpt":{"rendered":"<p>Partners&#8217; opinion From VIL\u00c1 ABOGADOS, they share with us an expert view on the transfer of data between the EU and Japan Vil\u00e1 Abogados presents a new article on Japan\u2019s new internal investment policies The article highlights the Japanese Government\u2019s strategy to promote greater growth in Japanese household savings. The aim is for these savings [&hellip;]<\/p>\n","protected":false},"author":2,"featured_media":0,"parent":0,"menu_order":0,"comment_status":"closed","ping_status":"closed","template":"elementor_header_footer","meta":{"footnotes":""},"class_list":["post-32205","page","type-page","status-publish","hentry"],"yoast_head":"<!-- This site is optimized with the Yoast SEO plugin v27.2 - https:\/\/yoast.com\/product\/yoast-seo-wordpress\/ -->\n<title>Partners&#039; opinion - CEJE<\/title>\n<meta name=\"robots\" content=\"index, follow, max-snippet:-1, max-image-preview:large, max-video-preview:-1\" \/>\n<link rel=\"canonical\" href=\"https:\/\/circulojpes.com\/en\/partners-opinion\/\" \/>\n<meta property=\"og:locale\" content=\"en_US\" \/>\n<meta property=\"og:type\" content=\"article\" \/>\n<meta property=\"og:title\" content=\"Partners&#039; opinion - CEJE\" \/>\n<meta property=\"og:description\" content=\"Partners&#8217; opinion From VIL\u00c1 ABOGADOS, they share with us an expert view on the transfer of data between the EU and Japan Vil\u00e1 Abogados presents a new article on Japan\u2019s new internal investment policies The article highlights the Japanese Government\u2019s strategy to promote greater growth in Japanese household savings. The aim is for these savings [&hellip;]\" \/>\n<meta property=\"og:url\" content=\"https:\/\/circulojpes.com\/en\/partners-opinion\/\" \/>\n<meta property=\"og:site_name\" content=\"CEJE\" \/>\n<meta property=\"article:modified_time\" content=\"2026-02-18T11:27:13+00:00\" \/>\n<meta name=\"twitter:card\" content=\"summary_large_image\" \/>\n<meta name=\"twitter:label1\" content=\"Est. reading time\" \/>\n\t<meta name=\"twitter:data1\" content=\"1 minute\" \/>\n<script type=\"application\/ld+json\" class=\"yoast-schema-graph\">{\"@context\":\"https:\/\/schema.org\",\"@graph\":[{\"@type\":\"WebPage\",\"@id\":\"https:\/\/circulojpes.com\/en\/partners-opinion\/\",\"url\":\"https:\/\/circulojpes.com\/en\/partners-opinion\/\",\"name\":\"Partners' opinion - CEJE\",\"isPartOf\":{\"@id\":\"https:\/\/circulojpes.com\/#website\"},\"datePublished\":\"2026-02-18T11:06:09+00:00\",\"dateModified\":\"2026-02-18T11:27:13+00:00\",\"breadcrumb\":{\"@id\":\"https:\/\/circulojpes.com\/en\/partners-opinion\/#breadcrumb\"},\"inLanguage\":\"en-US\",\"potentialAction\":[{\"@type\":\"ReadAction\",\"target\":[\"https:\/\/circulojpes.com\/en\/partners-opinion\/\"]}]},{\"@type\":\"BreadcrumbList\",\"@id\":\"https:\/\/circulojpes.com\/en\/partners-opinion\/#breadcrumb\",\"itemListElement\":[{\"@type\":\"ListItem\",\"position\":1,\"name\":\"Portada\",\"item\":\"https:\/\/circulojpes.com\/\"},{\"@type\":\"ListItem\",\"position\":2,\"name\":\"Partners&#8217; opinion\"}]},{\"@type\":\"WebSite\",\"@id\":\"https:\/\/circulojpes.com\/#website\",\"url\":\"https:\/\/circulojpes.com\/\",\"name\":\"CEJE\",\"description\":\"Circulo Empresarial Jap\u00f3n Espa\u00f1a\",\"publisher\":{\"@id\":\"https:\/\/circulojpes.com\/#organization\"},\"potentialAction\":[{\"@type\":\"SearchAction\",\"target\":{\"@type\":\"EntryPoint\",\"urlTemplate\":\"https:\/\/circulojpes.com\/?s={search_term_string}\"},\"query-input\":{\"@type\":\"PropertyValueSpecification\",\"valueRequired\":true,\"valueName\":\"search_term_string\"}}],\"inLanguage\":\"en-US\"},{\"@type\":\"Organization\",\"@id\":\"https:\/\/circulojpes.com\/#organization\",\"name\":\"Circulo Empresarial Jap\u00f3n Espa\u00f1a\",\"url\":\"https:\/\/circulojpes.com\/\",\"logo\":{\"@type\":\"ImageObject\",\"inLanguage\":\"en-US\",\"@id\":\"https:\/\/circulojpes.com\/#\/schema\/logo\/image\/\",\"url\":\"https:\/\/circulojpes.com\/wp-content\/uploads\/2025\/10\/cropped-logo-ceje.png\",\"contentUrl\":\"https:\/\/circulojpes.com\/wp-content\/uploads\/2025\/10\/cropped-logo-ceje.png\",\"width\":830,\"height\":364,\"caption\":\"Circulo Empresarial Jap\u00f3n Espa\u00f1a\"},\"image\":{\"@id\":\"https:\/\/circulojpes.com\/#\/schema\/logo\/image\/\"}}]}<\/script>\n<!-- \/ Yoast SEO plugin. -->","yoast_head_json":{"title":"Partners' opinion - CEJE","robots":{"index":"index","follow":"follow","max-snippet":"max-snippet:-1","max-image-preview":"max-image-preview:large","max-video-preview":"max-video-preview:-1"},"canonical":"https:\/\/circulojpes.com\/en\/partners-opinion\/","og_locale":"en_US","og_type":"article","og_title":"Partners' opinion - CEJE","og_description":"Partners&#8217; opinion From VIL\u00c1 ABOGADOS, they share with us an expert view on the transfer of data between the EU and Japan Vil\u00e1 Abogados presents a new article on Japan\u2019s new internal investment policies The article highlights the Japanese Government\u2019s strategy to promote greater growth in Japanese household savings. The aim is for these savings [&hellip;]","og_url":"https:\/\/circulojpes.com\/en\/partners-opinion\/","og_site_name":"CEJE","article_modified_time":"2026-02-18T11:27:13+00:00","twitter_card":"summary_large_image","twitter_misc":{"Est. reading time":"1 minute"},"schema":{"@context":"https:\/\/schema.org","@graph":[{"@type":"WebPage","@id":"https:\/\/circulojpes.com\/en\/partners-opinion\/","url":"https:\/\/circulojpes.com\/en\/partners-opinion\/","name":"Partners' opinion - CEJE","isPartOf":{"@id":"https:\/\/circulojpes.com\/#website"},"datePublished":"2026-02-18T11:06:09+00:00","dateModified":"2026-02-18T11:27:13+00:00","breadcrumb":{"@id":"https:\/\/circulojpes.com\/en\/partners-opinion\/#breadcrumb"},"inLanguage":"en-US","potentialAction":[{"@type":"ReadAction","target":["https:\/\/circulojpes.com\/en\/partners-opinion\/"]}]},{"@type":"BreadcrumbList","@id":"https:\/\/circulojpes.com\/en\/partners-opinion\/#breadcrumb","itemListElement":[{"@type":"ListItem","position":1,"name":"Portada","item":"https:\/\/circulojpes.com\/"},{"@type":"ListItem","position":2,"name":"Partners&#8217; opinion"}]},{"@type":"WebSite","@id":"https:\/\/circulojpes.com\/#website","url":"https:\/\/circulojpes.com\/","name":"CEJE","description":"Circulo Empresarial Jap\u00f3n Espa\u00f1a","publisher":{"@id":"https:\/\/circulojpes.com\/#organization"},"potentialAction":[{"@type":"SearchAction","target":{"@type":"EntryPoint","urlTemplate":"https:\/\/circulojpes.com\/?s={search_term_string}"},"query-input":{"@type":"PropertyValueSpecification","valueRequired":true,"valueName":"search_term_string"}}],"inLanguage":"en-US"},{"@type":"Organization","@id":"https:\/\/circulojpes.com\/#organization","name":"Circulo Empresarial Jap\u00f3n Espa\u00f1a","url":"https:\/\/circulojpes.com\/","logo":{"@type":"ImageObject","inLanguage":"en-US","@id":"https:\/\/circulojpes.com\/#\/schema\/logo\/image\/","url":"https:\/\/circulojpes.com\/wp-content\/uploads\/2025\/10\/cropped-logo-ceje.png","contentUrl":"https:\/\/circulojpes.com\/wp-content\/uploads\/2025\/10\/cropped-logo-ceje.png","width":830,"height":364,"caption":"Circulo Empresarial Jap\u00f3n Espa\u00f1a"},"image":{"@id":"https:\/\/circulojpes.com\/#\/schema\/logo\/image\/"}}]}},"_links":{"self":[{"href":"https:\/\/circulojpes.com\/en\/wp-json\/wp\/v2\/pages\/32205","targetHints":{"allow":["GET"]}}],"collection":[{"href":"https:\/\/circulojpes.com\/en\/wp-json\/wp\/v2\/pages"}],"about":[{"href":"https:\/\/circulojpes.com\/en\/wp-json\/wp\/v2\/types\/page"}],"author":[{"embeddable":true,"href":"https:\/\/circulojpes.com\/en\/wp-json\/wp\/v2\/users\/2"}],"replies":[{"embeddable":true,"href":"https:\/\/circulojpes.com\/en\/wp-json\/wp\/v2\/comments?post=32205"}],"version-history":[{"count":1,"href":"https:\/\/circulojpes.com\/en\/wp-json\/wp\/v2\/pages\/32205\/revisions"}],"predecessor-version":[{"id":32206,"href":"https:\/\/circulojpes.com\/en\/wp-json\/wp\/v2\/pages\/32205\/revisions\/32206"}],"wp:attachment":[{"href":"https:\/\/circulojpes.com\/en\/wp-json\/wp\/v2\/media?parent=32205"}],"curies":[{"name":"wp","href":"https:\/\/api.w.org\/{rel}","templated":true}]}}